{"id":135,"date":"2019-08-12T13:53:17","date_gmt":"2019-08-12T17:53:17","guid":{"rendered":"http:\/\/ppgcmov.ufms.br\/?page_id=135"},"modified":"2019-08-30T10:28:56","modified_gmt":"2019-08-30T14:28:56","slug":"laboratorio-de-estudo-do-musculo-estriado-leme","status":"publish","type":"page","link":"https:\/\/ppgcmov.ufms.br\/en\/laboratorio-de-estudo-do-musculo-estriado-leme\/","title":{"rendered":"(Portugu\u00eas do Brasil) Laborat\u00f3rio de Estudo do M\u00fasculo Estriado (LEME)"},"content":{"rendered":"<p class=\"qtranxs-available-languages-message qtranxs-available-languages-message-en\">Sorry, this entry is only available in <a href=\"https:\/\/ppgcmov.ufms.br\/pb\/wp-json\/wp\/v2\/pages\/135\" class=\"qtranxs-available-language-link qtranxs-available-language-link-pb\" title=\"Portugu\u00eas do Brasil\">Portugu\u00eas do Brasil<\/a>.<\/p>","protected":false},"excerpt":{"rendered":"<p>Sorry, this entry is only available in Portugu\u00eas do Brasil.<\/p>\n","protected":false},"author":6588,"featured_media":0,"parent":0,"menu_order":0,"comment_status":"closed","ping_status":"closed","template":"","meta":{"footnotes":""},"coauthors":[],"class_list":["post-135","page","type-page","status-publish","hentry"],"_links":{"self":[{"href":"https:\/\/ppgcmov.ufms.br\/en\/wp-json\/wp\/v2\/pages\/135","targetHints":{"allow":["GET"]}}],"collection":[{"href":"https:\/\/ppgcmov.ufms.br\/en\/wp-json\/wp\/v2\/pages"}],"about":[{"href":"https:\/\/ppgcmov.ufms.br\/en\/wp-json\/wp\/v2\/types\/page"}],"author":[{"embeddable":true,"href":"https:\/\/ppgcmov.ufms.br\/en\/wp-json\/wp\/v2\/users\/6588"}],"replies":[{"embeddable":true,"href":"https:\/\/ppgcmov.ufms.br\/en\/wp-json\/wp\/v2\/comments?post=135"}],"version-history":[{"count":8,"href":"https:\/\/ppgcmov.ufms.br\/en\/wp-json\/wp\/v2\/pages\/135\/revisions"}],"predecessor-version":[{"id":256,"href":"https:\/\/ppgcmov.ufms.br\/en\/wp-json\/wp\/v2\/pages\/135\/revisions\/256"}],"wp:attachment":[{"href":"https:\/\/ppgcmov.ufms.br\/en\/wp-json\/wp\/v2\/media?parent=135"}],"wp:term":[{"taxonomy":"author","embeddable":true,"href":"https:\/\/ppgcmov.ufms.br\/en\/wp-json\/wp\/v2\/coauthors?post=135"}],"curies":[{"name":"wp","href":"https:\/\/api.w.org\/{rel}","templated":true}]}}