{"id":143,"date":"2019-08-12T14:07:37","date_gmt":"2019-08-12T18:07:37","guid":{"rendered":"http:\/\/ppgcmov.ufms.br\/?page_id=143"},"modified":"2019-08-30T10:04:12","modified_gmt":"2019-08-30T14:04:12","slug":"laboratorio-de-saude-da-mulher","status":"publish","type":"page","link":"https:\/\/ppgcmov.ufms.br\/en\/laboratorio-de-saude-da-mulher\/","title":{"rendered":"(Portugu\u00eas do Brasil) Laborat\u00f3rio de Sa\u00fade da Mulher (LASM)"},"content":{"rendered":"<p class=\"qtranxs-available-languages-message qtranxs-available-languages-message-en\">Sorry, this entry is only available in <a href=\"https:\/\/ppgcmov.ufms.br\/pb\/wp-json\/wp\/v2\/pages\/143\" class=\"qtranxs-available-language-link qtranxs-available-language-link-pb\" title=\"Portugu\u00eas do Brasil\">Portugu\u00eas do Brasil<\/a>.<\/p>","protected":false},"excerpt":{"rendered":"<p>Sorry, this entry is only available in Portugu\u00eas do Brasil.<\/p>\n","protected":false},"author":6588,"featured_media":0,"parent":0,"menu_order":0,"comment_status":"closed","ping_status":"closed","template":"","meta":{"footnotes":""},"coauthors":[],"class_list":["post-143","page","type-page","status-publish","hentry"],"_links":{"self":[{"href":"https:\/\/ppgcmov.ufms.br\/en\/wp-json\/wp\/v2\/pages\/143","targetHints":{"allow":["GET"]}}],"collection":[{"href":"https:\/\/ppgcmov.ufms.br\/en\/wp-json\/wp\/v2\/pages"}],"about":[{"href":"https:\/\/ppgcmov.ufms.br\/en\/wp-json\/wp\/v2\/types\/page"}],"author":[{"embeddable":true,"href":"https:\/\/ppgcmov.ufms.br\/en\/wp-json\/wp\/v2\/users\/6588"}],"replies":[{"embeddable":true,"href":"https:\/\/ppgcmov.ufms.br\/en\/wp-json\/wp\/v2\/comments?post=143"}],"version-history":[{"count":7,"href":"https:\/\/ppgcmov.ufms.br\/en\/wp-json\/wp\/v2\/pages\/143\/revisions"}],"predecessor-version":[{"id":249,"href":"https:\/\/ppgcmov.ufms.br\/en\/wp-json\/wp\/v2\/pages\/143\/revisions\/249"}],"wp:attachment":[{"href":"https:\/\/ppgcmov.ufms.br\/en\/wp-json\/wp\/v2\/media?parent=143"}],"wp:term":[{"taxonomy":"author","embeddable":true,"href":"https:\/\/ppgcmov.ufms.br\/en\/wp-json\/wp\/v2\/coauthors?post=143"}],"curies":[{"name":"wp","href":"https:\/\/api.w.org\/{rel}","templated":true}]}}