{"id":159,"date":"2019-08-12T14:30:12","date_gmt":"2019-08-12T18:30:12","guid":{"rendered":"http:\/\/ppgcmov.ufms.br\/?page_id=159"},"modified":"2020-12-04T09:19:46","modified_gmt":"2020-12-04T13:19:46","slug":"laboratorio-de-exercicio-fisico-e-cinesioterapia","status":"publish","type":"page","link":"https:\/\/ppgcmov.ufms.br\/en\/laboratorio-de-exercicio-fisico-e-cinesioterapia\/","title":{"rendered":"(Portugu\u00eas do Brasil) Laborat\u00f3rio de Exerc\u00edcio F\u00edsico e Cinesioterapia (LACIN)"},"content":{"rendered":"<p class=\"qtranxs-available-languages-message qtranxs-available-languages-message-en\">Sorry, this entry is only available in <a href=\"https:\/\/ppgcmov.ufms.br\/pb\/wp-json\/wp\/v2\/pages\/159\" class=\"qtranxs-available-language-link qtranxs-available-language-link-pb\" title=\"Portugu\u00eas do Brasil\">Portugu\u00eas do Brasil<\/a>.<\/p>","protected":false},"excerpt":{"rendered":"<p>Sorry, this entry is only available in Portugu\u00eas do Brasil.<\/p>\n","protected":false},"author":6588,"featured_media":0,"parent":0,"menu_order":0,"comment_status":"closed","ping_status":"closed","template":"","meta":{"footnotes":""},"coauthors":[],"class_list":["post-159","page","type-page","status-publish","hentry"],"_links":{"self":[{"href":"https:\/\/ppgcmov.ufms.br\/en\/wp-json\/wp\/v2\/pages\/159","targetHints":{"allow":["GET"]}}],"collection":[{"href":"https:\/\/ppgcmov.ufms.br\/en\/wp-json\/wp\/v2\/pages"}],"about":[{"href":"https:\/\/ppgcmov.ufms.br\/en\/wp-json\/wp\/v2\/types\/page"}],"author":[{"embeddable":true,"href":"https:\/\/ppgcmov.ufms.br\/en\/wp-json\/wp\/v2\/users\/6588"}],"replies":[{"embeddable":true,"href":"https:\/\/ppgcmov.ufms.br\/en\/wp-json\/wp\/v2\/comments?post=159"}],"version-history":[{"count":5,"href":"https:\/\/ppgcmov.ufms.br\/en\/wp-json\/wp\/v2\/pages\/159\/revisions"}],"predecessor-version":[{"id":1219,"href":"https:\/\/ppgcmov.ufms.br\/en\/wp-json\/wp\/v2\/pages\/159\/revisions\/1219"}],"wp:attachment":[{"href":"https:\/\/ppgcmov.ufms.br\/en\/wp-json\/wp\/v2\/media?parent=159"}],"wp:term":[{"taxonomy":"author","embeddable":true,"href":"https:\/\/ppgcmov.ufms.br\/en\/wp-json\/wp\/v2\/coauthors?post=159"}],"curies":[{"name":"wp","href":"https:\/\/api.w.org\/{rel}","templated":true}]}}