{"id":167,"date":"2019-08-12T14:40:28","date_gmt":"2019-08-12T18:40:28","guid":{"rendered":"http:\/\/ppgcmov.ufms.br\/?page_id=167"},"modified":"2019-08-23T09:59:41","modified_gmt":"2019-08-23T13:59:41","slug":"area-de-concentracao","status":"publish","type":"page","link":"https:\/\/ppgcmov.ufms.br\/en\/area-de-concentracao\/","title":{"rendered":"(Portugu\u00eas do Brasil) \u00c1rea de Concentra\u00e7\u00e3o"},"content":{"rendered":"<p class=\"qtranxs-available-languages-message qtranxs-available-languages-message-en\">Sorry, this entry is only available in <a href=\"https:\/\/ppgcmov.ufms.br\/pb\/wp-json\/wp\/v2\/pages\/167\" class=\"qtranxs-available-language-link qtranxs-available-language-link-pb\" title=\"Portugu\u00eas do Brasil\">Portugu\u00eas do Brasil<\/a>.<\/p>","protected":false},"excerpt":{"rendered":"<p>Sorry, this entry is only available in Portugu\u00eas do Brasil.<\/p>\n","protected":false},"author":6588,"featured_media":0,"parent":0,"menu_order":0,"comment_status":"closed","ping_status":"closed","template":"","meta":{"footnotes":""},"coauthors":[],"class_list":["post-167","page","type-page","status-publish","hentry"],"_links":{"self":[{"href":"https:\/\/ppgcmov.ufms.br\/en\/wp-json\/wp\/v2\/pages\/167","targetHints":{"allow":["GET"]}}],"collection":[{"href":"https:\/\/ppgcmov.ufms.br\/en\/wp-json\/wp\/v2\/pages"}],"about":[{"href":"https:\/\/ppgcmov.ufms.br\/en\/wp-json\/wp\/v2\/types\/page"}],"author":[{"embeddable":true,"href":"https:\/\/ppgcmov.ufms.br\/en\/wp-json\/wp\/v2\/users\/6588"}],"replies":[{"embeddable":true,"href":"https:\/\/ppgcmov.ufms.br\/en\/wp-json\/wp\/v2\/comments?post=167"}],"version-history":[{"count":5,"href":"https:\/\/ppgcmov.ufms.br\/en\/wp-json\/wp\/v2\/pages\/167\/revisions"}],"predecessor-version":[{"id":204,"href":"https:\/\/ppgcmov.ufms.br\/en\/wp-json\/wp\/v2\/pages\/167\/revisions\/204"}],"wp:attachment":[{"href":"https:\/\/ppgcmov.ufms.br\/en\/wp-json\/wp\/v2\/media?parent=167"}],"wp:term":[{"taxonomy":"author","embeddable":true,"href":"https:\/\/ppgcmov.ufms.br\/en\/wp-json\/wp\/v2\/coauthors?post=167"}],"curies":[{"name":"wp","href":"https:\/\/api.w.org\/{rel}","templated":true}]}}