{"id":302,"date":"2019-09-06T10:51:07","date_gmt":"2019-09-06T14:51:07","guid":{"rendered":"http:\/\/ppgcmov.ufms.br\/?page_id=302"},"modified":"2020-01-15T11:10:01","modified_gmt":"2020-01-15T15:10:01","slug":"edital-de-selecao-de-alunos-especiais","status":"publish","type":"page","link":"https:\/\/ppgcmov.ufms.br\/en\/edital-de-selecao-de-alunos-especiais\/","title":{"rendered":"(Portugu\u00eas do Brasil) Edital de Sele\u00e7\u00e3o 2019\/ 2\u00ba semestre"},"content":{"rendered":"<p class=\"qtranxs-available-languages-message qtranxs-available-languages-message-en\">Sorry, this entry is only available in <a href=\"https:\/\/ppgcmov.ufms.br\/pb\/wp-json\/wp\/v2\/pages\/302\" class=\"qtranxs-available-language-link qtranxs-available-language-link-pb\" title=\"Portugu\u00eas do Brasil\">Portugu\u00eas do Brasil<\/a>.<\/p>","protected":false},"excerpt":{"rendered":"<p>Sorry, this entry is only available in Portugu\u00eas do Brasil.<\/p>\n","protected":false},"author":6588,"featured_media":0,"parent":0,"menu_order":0,"comment_status":"closed","ping_status":"closed","template":"","meta":{"footnotes":""},"coauthors":[],"class_list":["post-302","page","type-page","status-publish","hentry"],"_links":{"self":[{"href":"https:\/\/ppgcmov.ufms.br\/en\/wp-json\/wp\/v2\/pages\/302","targetHints":{"allow":["GET"]}}],"collection":[{"href":"https:\/\/ppgcmov.ufms.br\/en\/wp-json\/wp\/v2\/pages"}],"about":[{"href":"https:\/\/ppgcmov.ufms.br\/en\/wp-json\/wp\/v2\/types\/page"}],"author":[{"embeddable":true,"href":"https:\/\/ppgcmov.ufms.br\/en\/wp-json\/wp\/v2\/users\/6588"}],"replies":[{"embeddable":true,"href":"https:\/\/ppgcmov.ufms.br\/en\/wp-json\/wp\/v2\/comments?post=302"}],"version-history":[{"count":5,"href":"https:\/\/ppgcmov.ufms.br\/en\/wp-json\/wp\/v2\/pages\/302\/revisions"}],"predecessor-version":[{"id":487,"href":"https:\/\/ppgcmov.ufms.br\/en\/wp-json\/wp\/v2\/pages\/302\/revisions\/487"}],"wp:attachment":[{"href":"https:\/\/ppgcmov.ufms.br\/en\/wp-json\/wp\/v2\/media?parent=302"}],"wp:term":[{"taxonomy":"author","embeddable":true,"href":"https:\/\/ppgcmov.ufms.br\/en\/wp-json\/wp\/v2\/coauthors?post=302"}],"curies":[{"name":"wp","href":"https:\/\/api.w.org\/{rel}","templated":true}]}}